{"id":1103,"date":"2025-03-26T14:23:53","date_gmt":"2025-03-26T14:23:53","guid":{"rendered":"https:\/\/ecohesia.com\/?page_id=1103"},"modified":"2025-03-26T14:30:12","modified_gmt":"2025-03-26T14:30:12","slug":"elementor-1103","status":"publish","type":"page","link":"https:\/\/ecohesia.com\/fr\/elementor-1103\/","title":{"rendered":"\u00c0 propos"},"content":{"rendered":"\t\t<div data-elementor-type=\"wp-page\" data-elementor-id=\"1103\" class=\"elementor elementor-1103\" data-elementor-post-type=\"page\">\n\t\t\t\t\t\t<section class=\"elementor-section elementor-top-section elementor-element elementor-element-55fc1d6 elementor-section-boxed elementor-section-height-default elementor-section-height-default\" data-id=\"55fc1d6\" data-element_type=\"section\" data-e-type=\"section\">\n\t\t\t\t\t\t<div class=\"elementor-container elementor-column-gap-default\">\n\t\t\t\t\t<div class=\"elementor-column elementor-col-100 elementor-top-column elementor-element elementor-element-07c9aaa\" data-id=\"07c9aaa\" data-element_type=\"column\" data-e-type=\"column\">\n\t\t\t<div class=\"elementor-widget-wrap elementor-element-populated\">\n\t\t\t\t\t\t<div class=\"elementor-element elementor-element-8be4f3e elementor-widget elementor-widget-heading\" data-id=\"8be4f3e\" data-element_type=\"widget\" data-e-type=\"widget\" data-widget_type=\"heading.default\">\n\t\t\t\t<div class=\"elementor-widget-container\">\n\t\t\t\t\t<h2 class=\"elementor-heading-title elementor-size-default\">\u00c0 Propos<\/h2>\t\t\t\t<\/div>\n\t\t\t\t<\/div>\n\t\t\t\t\t<\/div>\n\t\t<\/div>\n\t\t\t\t\t<\/div>\n\t\t<\/section>\n\t\t\t\t<section class=\"elementor-section elementor-top-section elementor-element elementor-element-c102706 elementor-section-boxed elementor-section-height-default elementor-section-height-default\" data-id=\"c102706\" data-element_type=\"section\" data-e-type=\"section\">\n\t\t\t\t\t\t<div class=\"elementor-container elementor-column-gap-default\">\n\t\t\t\t\t<div class=\"elementor-column elementor-col-100 elementor-top-column elementor-element elementor-element-8ad6078\" data-id=\"8ad6078\" data-element_type=\"column\" data-e-type=\"column\">\n\t\t\t<div class=\"elementor-widget-wrap elementor-element-populated\">\n\t\t\t\t\t\t<div class=\"elementor-element elementor-element-847c096 elementor-widget elementor-widget-text-editor\" data-id=\"847c096\" data-element_type=\"widget\" data-e-type=\"widget\" data-widget_type=\"text-editor.default\">\n\t\t\t\t<div class=\"elementor-widget-container\">\n\t\t\t\t\t\t\t\t\t<p><b>Ecohesia (Initiative Ecohesia Inc)<\/b> est n\u00e9 d&rsquo;une frustration associ\u00e9e aux manques de ressources et de moyens techniques des OBNL, des institutions \u00e9ducatives et des plus petites entreprises. La technologie pouvant repr\u00e9senter un levier majeur d&rsquo;impact, nous avons souhait\u00e9 nous outiller et appuyer ces organisations \u00e0 s&rsquo;outiller pour affronter leurs d\u00e9fis du quotidien, tout en contribuant \u00e0 ouvrir la voie \u00e0 des changements plus profonds et syst\u00e9miques. L&rsquo;objectif est de fournir \u00e0 des joueurs historiquement et \u00e9conomiquement en posture plus fragile la capacit\u00e9 technologique des g\u00e9ants de ce monde, mais de mani\u00e8re responsable, \u00e9thique et adapt\u00e9e \u00e0 leur r\u00e9alit\u00e9.<\/p><p>Une organisation de quartier qui oeuvre pour le bien-\u00eatre collectif, une personne qui agit comme consultante en d\u00e9veloppement organisationnel ou en analyse strat\u00e9gique, ou une bo\u00eete qui offre de l&#8217;emploi au sein de sa communaut\u00e9 devraient toutes disposer des moyens de leurs aspirations&#8230;. et nous souhaitons y contribuer et soutenir ces personnes qui font avancer la soci\u00e9t\u00e9.\u00a0<\/p><p><span style=\"font-style: inherit; color: var( --e-global-color-text ); font-family: var( --e-global-typography-text-font-family ), Sans-serif; background-color: var(--ast-global-color-5);\"><b>Ainsi, d\u00e8s 2013<\/b><\/span><span style=\"font-style: inherit; font-weight: inherit; color: var( --e-global-color-text ); font-family: var( --e-global-typography-text-font-family ), Sans-serif; background-color: var(--ast-global-color-5);\"> furent lanc\u00e9 diverses activit\u00e9s informellement par les membres de l&rsquo;\u00e9quipe qui forme aujourd&rsquo;hui Ecohesia. \u00c0 l&rsquo;origine, sans structure juridique, un r\u00e9seau de collaboration s&rsquo;est \u00e9tablit, portant des projets simples de d\u00e9veloppement d&rsquo;automatisation de t\u00e2ches administrative, des appuis aux strat\u00e9gies d&rsquo;adoption du num\u00e9rique (sobre et raisonn\u00e9) et de litt\u00e9ratie num\u00e9rique furent d\u00e9velopp\u00e9s de mani\u00e8re \u00e0 simplifier des t\u00e2ches chronophages et r\u00e9soudre des casse-t\u00eate concrets. Une myriade de projets \u00e0 tr\u00e8s petites \u00e9chelles sont n\u00e9es permettant d&rsquo;exp\u00e9rimenter, de mieux ressentir les points de friction, et de syst\u00e9matiser une base de connaissances pour se doter d&rsquo;un r\u00e9pertoire de pratiques et d&rsquo;outils.<\/span><\/p><p><span style=\"font-style: inherit; color: var( --e-global-color-text ); font-family: var( --e-global-typography-text-font-family ), Sans-serif; background-color: var(--ast-global-color-5);\"><b>Tournant 2017-2018<\/b><\/span><span style=\"font-style: inherit; font-weight: inherit; color: var( --e-global-color-text ); font-family: var( --e-global-typography-text-font-family ), Sans-serif; background-color: var(--ast-global-color-5);\">, l&rsquo;IA a commenc\u00e9 \u00e0 prendre davantage de place dans les projets, surtout l&rsquo;IA analytique puisque ce type d&rsquo;outils permettait d\u00e9sormais de retirer de nouvelles compr\u00e9hensions et perspectives \u00e0 partir de donn\u00e9es existantes&#8230; et donc de nouvelles possibilit\u00e9s d&rsquo;actions utiles et inattendues pour les actrices et acteurs impliqu\u00e9<\/span><span style=\"background-color: var(--ast-global-color-5);\">\u00b7es. Renforcer les organisations et leurs impacts, n\u00e9cessitent aussi d&rsquo;appuyer les capacit\u00e9s d&rsquo;analyse.\u00a0<\/span><\/p><p><span style=\"background-color: var(--ast-global-color-5);\"><b>Durant 2019-2020<\/b>,\u00a0le nombre et la taille des projets ont commenc\u00e9 \u00e0 grandir et \u00e0 se rapprocher rapidement d&rsquo;une r\u00e9ponse structur\u00e9e face aux enjeux qui avaient rassembl\u00e9 l&rsquo;\u00e9quipe. La fracture num\u00e9rique s&rsquo;acc\u00e9l\u00e9rant, \u00e0 la fois caus\u00e9e par les in\u00e9galit\u00e9s socio-\u00e9conomiques et les amplifiant \u00e0 son tour, le besoin de contribuer \u00e0 une r\u00e9ponse \u00e9tait de plus en plus vif.\u00a0<\/span><\/p><p><span style=\"background-color: var(--ast-global-color-5);\"><b>D\u00e9but 2023<\/b>, Ecohesia fut formellement fond\u00e9e pour mener des projets de plus grande ampleur et requ\u00e9rant un niveau plus \u00e9lev\u00e9 de coordination et de ressources.\u00a0<\/span><\/p><p><span style=\"background-color: var(--ast-global-color-5);\"><b>Aujourd&rsquo;hui<\/b>, Ecohesia jouit d&rsquo;une \u00e9quipe diversifi\u00e9e de programmeur<\/span><span style=\"color: var( --e-global-color-text ); font-family: var( --e-global-typography-text-font-family ), Sans-serif; font-weight: var( --e-global-typography-text-font-weight ); background-color: var(--ast-global-color-5); font-size: 1rem;\">\u00b7<\/span><span style=\"font-style: inherit; font-weight: inherit; color: var( --e-global-color-text ); font-family: var( --e-global-typography-text-font-family ), Sans-serif; background-color: var(--ast-global-color-5);\">ses, d&rsquo;ing\u00e9nieur<\/span><span style=\"font-size: 1rem; font-style: inherit; font-weight: var( --e-global-typography-text-font-weight ); color: var( --e-global-color-text ); font-family: var( --e-global-typography-text-font-family ), Sans-serif; background-color: var(--ast-global-color-5);\">\u00b7<\/span><span style=\"font-style: inherit; font-weight: inherit; color: var( --e-global-color-text ); font-family: var( --e-global-typography-text-font-family ), Sans-serif; background-color: var(--ast-global-color-5);\">es, de designers, d&rsquo;architectes syst\u00e8mes et de sp\u00e9cialistes en sciences sociales. La majorit\u00e9 des membres de l&rsquo;\u00e9quipe actuelle proviennent du milieu communautaire, du secteur de la coop\u00e9ration internationale en droits humains, environnement et solidarit\u00e9, et de programmes de r\u00e9insertion, pla\u00e7ant Ecohesia dans une posture plut\u00f4t particuli\u00e8re autant en interne qu&rsquo;en externe, \u00e0 l&rsquo;intersection de divers milieux.\u00a0<\/span><\/p><p><span style=\"font-style: inherit; color: var( --e-global-color-text ); font-family: var( --e-global-typography-text-font-family ), Sans-serif; background-color: var(--ast-global-color-5);\"><b>Que signifie le nom ECOHESIA?<\/b><br \/><\/span>E : pour la technologie (comme dans e-mail);<span style=\"background-color: var(--ast-global-color-5); color: var( --e-global-color-text ); font-family: var( --e-global-typography-text-font-family ), Sans-serif; font-style: inherit; font-weight: inherit;\"><br \/>COHESIA : pour que la technologie servent \u00e0 la coh\u00e9sion sociale, \u00e0 nous rapprocher et non nous distancer;<br \/>ECO : pour centrer notre action au service du vivant.\u00a0<\/span><\/p>\t\t\t\t\t\t\t\t<\/div>\n\t\t\t\t<\/div>\n\t\t\t\t\t<\/div>\n\t\t<\/div>\n\t\t\t\t\t<\/div>\n\t\t<\/section>\n\t\t\t\t<section class=\"elementor-section elementor-top-section elementor-element elementor-element-69bc669 elementor-section-boxed elementor-section-height-default elementor-section-height-default\" data-id=\"69bc669\" data-element_type=\"section\" data-e-type=\"section\">\n\t\t\t\t\t\t<div class=\"elementor-container elementor-column-gap-default\">\n\t\t\t\t\t<div class=\"elementor-column elementor-col-100 elementor-top-column elementor-element elementor-element-9e18f2d\" data-id=\"9e18f2d\" data-element_type=\"column\" data-e-type=\"column\">\n\t\t\t<div class=\"elementor-widget-wrap elementor-element-populated\">\n\t\t\t\t\t\t<div class=\"elementor-element elementor-element-94ff510 elementor-widget elementor-widget-heading\" data-id=\"94ff510\" data-element_type=\"widget\" data-e-type=\"widget\" data-widget_type=\"heading.default\">\n\t\t\t\t<div class=\"elementor-widget-container\">\n\t\t\t\t\t<h2 class=\"elementor-heading-title elementor-size-default\">Fondateur<\/h2>\t\t\t\t<\/div>\n\t\t\t\t<\/div>\n\t\t\t\t<div class=\"elementor-element elementor-element-40ad284 elementor-position-left elementor-vertical-align-top elementor-widget elementor-widget-image-box\" data-id=\"40ad284\" data-element_type=\"widget\" data-e-type=\"widget\" data-widget_type=\"image-box.default\">\n\t\t\t\t<div class=\"elementor-widget-container\">\n\t\t\t\t\t<div class=\"elementor-image-box-wrapper\"><figure class=\"elementor-image-box-img\"><img fetchpriority=\"high\" decoding=\"async\" width=\"232\" height=\"300\" src=\"https:\/\/ecohesia.com\/wp-content\/uploads\/2025\/03\/PMC1624-2-791x1024-2-1-232x300.jpg\" class=\"attachment-medium size-medium wp-image-1105\" alt=\"\" srcset=\"https:\/\/ecohesia.com\/wp-content\/uploads\/2025\/03\/PMC1624-2-791x1024-2-1-232x300.jpg 232w, https:\/\/ecohesia.com\/wp-content\/uploads\/2025\/03\/PMC1624-2-791x1024-2-1-768x994.jpg 768w, https:\/\/ecohesia.com\/wp-content\/uploads\/2025\/03\/PMC1624-2-791x1024-2-1.jpg 791w\" sizes=\"(max-width: 232px) 100vw, 232px\" \/><\/figure><div class=\"elementor-image-box-content\"><h3 class=\"elementor-image-box-title\">Philippe Tousignant<\/h3><p class=\"elementor-image-box-description\">Philippe Tousignant d\u00e9tient une ma\u00eetrise en droit international (LLM) de l'UQAM. Au fil des ann\u00e9es, il a enrichi ses comp\u00e9tences par des formations sp\u00e9cialis\u00e9es, notamment en gestion ax\u00e9e sur les r\u00e9sultats, en supervision de l'enseignement \u00e0 distance et en programmation Python.\n\nProfessionnellement, il a fond\u00e9 Educonnexion en 2013, un programme devenu un organisme de solidarit\u00e9 internationale d\u00e9di\u00e9 \u00e0 l'\u00e9ducation, \u00e0 l'engagement et \u00e0 la participation citoyenne. Au c\u0153ur de sa d\u00e9marche se trouve le d\u00e9veloppement du pouvoir d'agir des individus et des collectivit\u00e9s.\n\nDans ce cadre, il a anim\u00e9 des ateliers aupr\u00e8s de jeunes et d'adultes en \u00e9cocitoyennet\u00e9, en lutte contre l'impuissance et la r\u00e9signation acquise, sur les biais cognitifs, la gestion de projet, et sur plusieurs autres sujets stimulants. Il a \u00e9galement con\u00e7u des programmes \u00e9ducatifs aujourd'hui d\u00e9ploy\u00e9s dans 35 000 \u00e9coles \u00e0 travers le monde, et accompagn\u00e9 plus de 170 organismes dans leurs projets d'impact social ou environnemental.\n\nEn parall\u00e8le, il enseigne \u00e0 l'Universit\u00e9 de Montr\u00e9al des cours en \u00c9ducation \u00e0 la citoyennet\u00e9 mondiale et sur les pratiques d'aide internationale. Sa passion pour la promotion de la justice sociale l'a \u00e9galement conduit \u00e0 si\u00e9ger \u00e0 divers conseils d'administration et \u00e0 s'impliquer au sein de r\u00e9seaux de pratiques en engagement, \u00e9ducation et participation citoyenne.\n\nAujourd'hui, il occupe le poste de PDG fondateur d'Initiative Ecohesia Inc.<\/p><\/div><\/div>\t\t\t\t<\/div>\n\t\t\t\t<\/div>\n\t\t\t\t<div class=\"elementor-element elementor-element-eb7f9b3 elementor-shape-rounded elementor-grid-0 e-grid-align-center elementor-widget elementor-widget-social-icons\" data-id=\"eb7f9b3\" data-element_type=\"widget\" data-e-type=\"widget\" data-widget_type=\"social-icons.default\">\n\t\t\t\t<div class=\"elementor-widget-container\">\n\t\t\t\t\t\t\t<div class=\"elementor-social-icons-wrapper elementor-grid\" role=\"list\">\n\t\t\t\t\t\t\t<span class=\"elementor-grid-item\" role=\"listitem\">\n\t\t\t\t\t<a class=\"elementor-icon elementor-social-icon elementor-social-icon-linkedin elementor-repeater-item-d94519c\" href=\"https:\/\/www.linkedin.com\/in\/philippe-tousignant\/\" target=\"_blank\">\n\t\t\t\t\t\t<span class=\"elementor-screen-only\">Linkedin<\/span>\n\t\t\t\t\t\t<svg aria-hidden=\"true\" class=\"e-font-icon-svg e-fab-linkedin\" viewBox=\"0 0 448 512\" xmlns=\"http:\/\/www.w3.org\/2000\/svg\"><path d=\"M416 32H31.9C14.3 32 0 46.5 0 64.3v383.4C0 465.5 14.3 480 31.9 480H416c17.6 0 32-14.5 32-32.3V64.3c0-17.8-14.4-32.3-32-32.3zM135.4 416H69V202.2h66.5V416zm-33.2-243c-21.3 0-38.5-17.3-38.5-38.5S80.9 96 102.2 96c21.2 0 38.5 17.3 38.5 38.5 0 21.3-17.2 38.5-38.5 38.5zm282.1 243h-66.4V312c0-24.8-.5-56.7-34.5-56.7-34.6 0-39.9 27-39.9 54.9V416h-66.4V202.2h63.7v29.2h.9c8.9-16.8 30.6-34.5 62.9-34.5 67.2 0 79.7 44.3 79.7 101.9V416z\"><\/path><\/svg>\t\t\t\t\t<\/a>\n\t\t\t\t<\/span>\n\t\t\t\t\t\t\t<span class=\"elementor-grid-item\" role=\"listitem\">\n\t\t\t\t\t<a class=\"elementor-icon elementor-social-icon elementor-social-icon-facebook elementor-repeater-item-7e52d3c\" href=\"https:\/\/www.facebook.com\/philippe.tousignant.96\" target=\"_blank\">\n\t\t\t\t\t\t<span class=\"elementor-screen-only\">Facebook<\/span>\n\t\t\t\t\t\t<svg aria-hidden=\"true\" class=\"e-font-icon-svg e-fab-facebook\" viewBox=\"0 0 512 512\" xmlns=\"http:\/\/www.w3.org\/2000\/svg\"><path d=\"M504 256C504 119 393 8 256 8S8 119 8 256c0 123.78 90.69 226.38 209.25 245V327.69h-63V256h63v-54.64c0-62.15 37-96.48 93.67-96.48 27.14 0 55.52 4.84 55.52 4.84v61h-31.28c-30.8 0-40.41 19.12-40.41 38.73V256h68.78l-11 71.69h-57.78V501C413.31 482.38 504 379.78 504 256z\"><\/path><\/svg>\t\t\t\t\t<\/a>\n\t\t\t\t<\/span>\n\t\t\t\t\t<\/div>\n\t\t\t\t\t\t<\/div>\n\t\t\t\t<\/div>\n\t\t\t\t\t<\/div>\n\t\t<\/div>\n\t\t\t\t\t<\/div>\n\t\t<\/section>\n\t\t\t\t<\/div>\n\t\t","protected":false},"excerpt":{"rendered":"<p>\u00c0 Propos Ecohesia (Initiative Ecohesia Inc) est n\u00e9 d&rsquo;une frustration associ\u00e9e aux manques de ressources et de moyens techniques des [&hellip;]<\/p>\n","protected":false},"author":2,"featured_media":0,"parent":0,"menu_order":0,"comment_status":"closed","ping_status":"closed","template":"","meta":{"site-sidebar-layout":"no-sidebar","site-content-layout":"","ast-site-content-layout":"full-width-container","site-content-style":"default","site-sidebar-style":"default","ast-global-header-display":"","ast-banner-title-visibility":"","ast-main-header-display":"","ast-hfb-above-header-display":"","ast-hfb-below-header-display":"","ast-hfb-mobile-header-display":"","site-post-title":"disabled","ast-breadcrumbs-content":"","ast-featured-img":"disabled","footer-sml-layout":"","theme-transparent-header-meta":"","adv-header-id-meta":"","stick-header-meta":"","header-above-stick-meta":"","header-main-stick-meta":"","header-below-stick-meta":"","astra-migrate-meta-layouts":"default","ast-page-background-enabled":"default","ast-page-background-meta":{"desktop":{"background-color":"var(--ast-global-color-4)","background-image":"","background-repeat":"repeat","background-position":"center center","background-size":"auto","background-attachment":"scroll","background-type":"","background-media":"","overlay-type":"","overlay-color":"","overlay-opacity":"","overlay-gradient":""},"tablet":{"background-color":"","background-image":"","background-repeat":"repeat","background-position":"center center","background-size":"auto","background-attachment":"scroll","background-type":"","background-media":"","overlay-type":"","overlay-color":"","overlay-opacity":"","overlay-gradient":""},"mobile":{"background-color":"","background-image":"","background-repeat":"repeat","background-position":"center center","background-size":"auto","background-attachment":"scroll","background-type":"","background-media":"","overlay-type":"","overlay-color":"","overlay-opacity":"","overlay-gradient":""}},"ast-content-background-meta":{"desktop":{"background-color":"var(--ast-global-color-5)","background-image":"","background-repeat":"repeat","background-position":"center center","background-size":"auto","background-attachment":"scroll","background-type":"","background-media":"","overlay-type":"","overlay-color":"","overlay-opacity":"","overlay-gradient":""},"tablet":{"background-color":"var(--ast-global-color-5)","background-image":"","background-repeat":"repeat","background-position":"center center","background-size":"auto","background-attachment":"scroll","background-type":"","background-media":"","overlay-type":"","overlay-color":"","overlay-opacity":"","overlay-gradient":""},"mobile":{"background-color":"var(--ast-global-color-5)","background-image":"","background-repeat":"repeat","background-position":"center center","background-size":"auto","background-attachment":"scroll","background-type":"","background-media":"","overlay-type":"","overlay-color":"","overlay-opacity":"","overlay-gradient":""}},"footnotes":""},"class_list":["post-1103","page","type-page","status-publish","hentry"],"_links":{"self":[{"href":"https:\/\/ecohesia.com\/fr\/wp-json\/wp\/v2\/pages\/1103","targetHints":{"allow":["GET"]}}],"collection":[{"href":"https:\/\/ecohesia.com\/fr\/wp-json\/wp\/v2\/pages"}],"about":[{"href":"https:\/\/ecohesia.com\/fr\/wp-json\/wp\/v2\/types\/page"}],"author":[{"embeddable":true,"href":"https:\/\/ecohesia.com\/fr\/wp-json\/wp\/v2\/users\/2"}],"replies":[{"embeddable":true,"href":"https:\/\/ecohesia.com\/fr\/wp-json\/wp\/v2\/comments?post=1103"}],"version-history":[{"count":0,"href":"https:\/\/ecohesia.com\/fr\/wp-json\/wp\/v2\/pages\/1103\/revisions"}],"wp:attachment":[{"href":"https:\/\/ecohesia.com\/fr\/wp-json\/wp\/v2\/media?parent=1103"}],"curies":[{"name":"wp","href":"https:\/\/api.w.org\/{rel}","templated":true}]}}